{"id":230,"date":"2020-10-30T18:30:40","date_gmt":"2020-10-30T17:30:40","guid":{"rendered":"http:\/\/lamaisondaristee.com\/?page_id=230"},"modified":"2021-04-07T14:13:27","modified_gmt":"2021-04-07T12:13:27","slug":"salade-de-fruits-au-safran","status":"publish","type":"page","link":"https:\/\/lamaisondaristee.com\/index.php\/salade-de-fruits-au-safran\/","title":{"rendered":"SALADE DE FRUITS AU SAFRAN"},"content":{"rendered":"\t\t<div data-elementor-type=\"wp-page\" data-elementor-id=\"230\" class=\"elementor elementor-230\">\n\t\t\t\t\t\t<section class=\"elementor-section elementor-top-section elementor-element elementor-element-85112e1 elementor-section-stretched elementor-section-boxed elementor-section-height-default elementor-section-height-default\" data-id=\"85112e1\" data-element_type=\"section\" data-e-type=\"section\" data-settings=\"{&quot;stretch_section&quot;:&quot;section-stretched&quot;}\">\n\t\t\t\t\t\t<div class=\"elementor-container elementor-column-gap-default\">\n\t\t\t\t\t<div class=\"elementor-column elementor-col-100 elementor-top-column elementor-element elementor-element-a094323\" data-id=\"a094323\" data-element_type=\"column\" data-e-type=\"column\">\n\t\t\t<div class=\"elementor-widget-wrap elementor-element-populated\">\n\t\t\t\t\t\t<div class=\"elementor-element elementor-element-56bc74e elementor-widget elementor-widget-image\" data-id=\"56bc74e\" data-element_type=\"widget\" data-e-type=\"widget\" data-widget_type=\"image.default\">\n\t\t\t\t<div class=\"elementor-widget-container\">\n\t\t\t\t\t\t\t\t\t\t\t\t\t\t\t<img fetchpriority=\"high\" decoding=\"async\" width=\"2560\" height=\"1707\" src=\"https:\/\/lamaisondaristee.com\/wp-content\/uploads\/2020\/10\/strawberries-5128199-scaled.jpg\" class=\"attachment-full size-full wp-image-235\" alt=\"\" srcset=\"https:\/\/lamaisondaristee.com\/wp-content\/uploads\/2020\/10\/strawberries-5128199-scaled.jpg 2560w, https:\/\/lamaisondaristee.com\/wp-content\/uploads\/2020\/10\/strawberries-5128199-scaled-600x400.jpg 600w, https:\/\/lamaisondaristee.com\/wp-content\/uploads\/2020\/10\/strawberries-5128199-300x200.jpg 300w, https:\/\/lamaisondaristee.com\/wp-content\/uploads\/2020\/10\/strawberries-5128199-1024x683.jpg 1024w, https:\/\/lamaisondaristee.com\/wp-content\/uploads\/2020\/10\/strawberries-5128199-768x512.jpg 768w, https:\/\/lamaisondaristee.com\/wp-content\/uploads\/2020\/10\/strawberries-5128199-1536x1024.jpg 1536w, https:\/\/lamaisondaristee.com\/wp-content\/uploads\/2020\/10\/strawberries-5128199-2048x1365.jpg 2048w, https:\/\/lamaisondaristee.com\/wp-content\/uploads\/2020\/10\/strawberries-5128199-830x553.jpg 830w, https:\/\/lamaisondaristee.com\/wp-content\/uploads\/2020\/10\/strawberries-5128199-230x153.jpg 230w, https:\/\/lamaisondaristee.com\/wp-content\/uploads\/2020\/10\/strawberries-5128199-350x233.jpg 350w, https:\/\/lamaisondaristee.com\/wp-content\/uploads\/2020\/10\/strawberries-5128199-480x320.jpg 480w\" sizes=\"(max-width: 2560px) 100vw, 2560px\" \/>\t\t\t\t\t\t\t\t\t\t\t\t\t\t\t<\/div>\n\t\t\t\t<\/div>\n\t\t\t\t<div class=\"elementor-element elementor-element-3db6839 elementor-widget elementor-widget-spacer\" data-id=\"3db6839\" data-element_type=\"widget\" data-e-type=\"widget\" data-widget_type=\"spacer.default\">\n\t\t\t\t<div class=\"elementor-widget-container\">\n\t\t\t\t\t\t\t<div class=\"elementor-spacer\">\n\t\t\t<div class=\"elementor-spacer-inner\"><\/div>\n\t\t<\/div>\n\t\t\t\t\t\t<\/div>\n\t\t\t\t<\/div>\n\t\t\t\t<div class=\"elementor-element elementor-element-d4f9159 elementor-widget elementor-widget-heading\" data-id=\"d4f9159\" data-element_type=\"widget\" data-e-type=\"widget\" data-widget_type=\"heading.default\">\n\t\t\t\t<div class=\"elementor-widget-container\">\n\t\t\t\t\t<h2 class=\"elementor-heading-title elementor-size-default\">salade de fruits au safran<\/h2>\t\t\t\t<\/div>\n\t\t\t\t<\/div>\n\t\t\t\t<div class=\"elementor-element elementor-element-e5eb5c6 elementor-widget-divider--view-line elementor-widget elementor-widget-divider\" data-id=\"e5eb5c6\" data-element_type=\"widget\" data-e-type=\"widget\" data-widget_type=\"divider.default\">\n\t\t\t\t<div class=\"elementor-widget-container\">\n\t\t\t\t\t\t\t<div class=\"elementor-divider\">\n\t\t\t<span class=\"elementor-divider-separator\">\n\t\t\t\t\t\t<\/span>\n\t\t<\/div>\n\t\t\t\t\t\t<\/div>\n\t\t\t\t<\/div>\n\t\t\t\t<div class=\"elementor-element elementor-element-767ca83 elementor-icon-list--layout-inline elementor-align-center elementor-list-item-link-full_width elementor-widget elementor-widget-icon-list\" data-id=\"767ca83\" data-element_type=\"widget\" data-e-type=\"widget\" data-widget_type=\"icon-list.default\">\n\t\t\t\t<div class=\"elementor-widget-container\">\n\t\t\t\t\t\t\t<ul class=\"elementor-icon-list-items elementor-inline-items\">\n\t\t\t\t\t\t\t<li class=\"elementor-icon-list-item elementor-inline-item\">\n\t\t\t\t\t\t\t\t\t\t\t<span class=\"elementor-icon-list-icon\">\n\t\t\t\t\t\t\t<i aria-hidden=\"true\" class=\"fas fa-chart-bar\"><\/i>\t\t\t\t\t\t<\/span>\n\t\t\t\t\t\t\t\t\t\t<span class=\"elementor-icon-list-text\">Tr\u00e8s facile<\/span>\n\t\t\t\t\t\t\t\t\t<\/li>\n\t\t\t\t\t\t\t\t<li class=\"elementor-icon-list-item elementor-inline-item\">\n\t\t\t\t\t\t\t\t\t\t\t<span class=\"elementor-icon-list-icon\">\n\t\t\t\t\t\t\t<i aria-hidden=\"true\" class=\"fas fa-mortar-pestle\"><\/i>\t\t\t\t\t\t<\/span>\n\t\t\t\t\t\t\t\t\t\t<span class=\"elementor-icon-list-text\">Pr\u00e9paration : 20 min<\/span>\n\t\t\t\t\t\t\t\t\t<\/li>\n\t\t\t\t\t\t\t\t<li class=\"elementor-icon-list-item elementor-inline-item\">\n\t\t\t\t\t\t\t\t\t\t\t<span class=\"elementor-icon-list-icon\">\n\t\t\t\t\t\t\t<i aria-hidden=\"true\" class=\"fas fa-ticket-alt\"><\/i>\t\t\t\t\t\t<\/span>\n\t\t\t\t\t\t\t\t\t\t<span class=\"elementor-icon-list-text\">Sans cuisson<\/span>\n\t\t\t\t\t\t\t\t\t<\/li>\n\t\t\t\t\t\t<\/ul>\n\t\t\t\t\t\t<\/div>\n\t\t\t\t<\/div>\n\t\t\t\t<div class=\"elementor-element elementor-element-1f91696 elementor-widget elementor-widget-spacer\" data-id=\"1f91696\" data-element_type=\"widget\" data-e-type=\"widget\" data-widget_type=\"spacer.default\">\n\t\t\t\t<div class=\"elementor-widget-container\">\n\t\t\t\t\t\t\t<div class=\"elementor-spacer\">\n\t\t\t<div class=\"elementor-spacer-inner\"><\/div>\n\t\t<\/div>\n\t\t\t\t\t\t<\/div>\n\t\t\t\t<\/div>\n\t\t\t\t<div class=\"elementor-element elementor-element-552c355 elementor-widget elementor-widget-heading\" data-id=\"552c355\" data-element_type=\"widget\" data-e-type=\"widget\" data-widget_type=\"heading.default\">\n\t\t\t\t<div class=\"elementor-widget-container\">\n\t\t\t\t\t<h2 class=\"elementor-heading-title elementor-size-default\">Ingr\u00e9dients<\/h2>\t\t\t\t<\/div>\n\t\t\t\t<\/div>\n\t\t\t\t<div class=\"elementor-element elementor-element-a852116 elementor-widget-divider--view-line elementor-widget elementor-widget-divider\" data-id=\"a852116\" data-element_type=\"widget\" data-e-type=\"widget\" data-widget_type=\"divider.default\">\n\t\t\t\t<div class=\"elementor-widget-container\">\n\t\t\t\t\t\t\t<div class=\"elementor-divider\">\n\t\t\t<span class=\"elementor-divider-separator\">\n\t\t\t\t\t\t<\/span>\n\t\t<\/div>\n\t\t\t\t\t\t<\/div>\n\t\t\t\t<\/div>\n\t\t\t\t<div class=\"elementor-element elementor-element-89d867f elementor-widget elementor-widget-heading\" data-id=\"89d867f\" data-element_type=\"widget\" data-e-type=\"widget\" data-widget_type=\"heading.default\">\n\t\t\t\t<div class=\"elementor-widget-container\">\n\t\t\t\t\t<h2 class=\"elementor-heading-title elementor-size-default\">POUR 4 PERSONNES<\/h2>\t\t\t\t<\/div>\n\t\t\t\t<\/div>\n\t\t\t\t<div class=\"elementor-element elementor-element-15ed2fb elementor-widget elementor-widget-text-editor\" data-id=\"15ed2fb\" data-element_type=\"widget\" data-e-type=\"widget\" data-widget_type=\"text-editor.default\">\n\t\t\t\t<div class=\"elementor-widget-container\">\n\t\t\t\t\t\t\t\t\t<ul><li>Fruits de votre choix<\/li><li>10 pistils de safran<\/li><li>1 sachet de sucre vanill\u00e9<\/li><\/ul>\t\t\t\t\t\t\t\t<\/div>\n\t\t\t\t<\/div>\n\t\t\t\t<div class=\"elementor-element elementor-element-a6a8c6e elementor-widget elementor-widget-spacer\" data-id=\"a6a8c6e\" data-element_type=\"widget\" data-e-type=\"widget\" data-widget_type=\"spacer.default\">\n\t\t\t\t<div class=\"elementor-widget-container\">\n\t\t\t\t\t\t\t<div class=\"elementor-spacer\">\n\t\t\t<div class=\"elementor-spacer-inner\"><\/div>\n\t\t<\/div>\n\t\t\t\t\t\t<\/div>\n\t\t\t\t<\/div>\n\t\t\t\t<div class=\"elementor-element elementor-element-1b952a8 elementor-widget elementor-widget-heading\" data-id=\"1b952a8\" data-element_type=\"widget\" data-e-type=\"widget\" data-widget_type=\"heading.default\">\n\t\t\t\t<div class=\"elementor-widget-container\">\n\t\t\t\t\t<h2 class=\"elementor-heading-title elementor-size-default\">RECETTE<\/h2>\t\t\t\t<\/div>\n\t\t\t\t<\/div>\n\t\t\t\t<div class=\"elementor-element elementor-element-24331fd elementor-widget-divider--view-line elementor-widget elementor-widget-divider\" data-id=\"24331fd\" data-element_type=\"widget\" data-e-type=\"widget\" data-widget_type=\"divider.default\">\n\t\t\t\t<div class=\"elementor-widget-container\">\n\t\t\t\t\t\t\t<div class=\"elementor-divider\">\n\t\t\t<span class=\"elementor-divider-separator\">\n\t\t\t\t\t\t<\/span>\n\t\t<\/div>\n\t\t\t\t\t\t<\/div>\n\t\t\t\t<\/div>\n\t\t\t\t<div class=\"elementor-element elementor-element-754351a elementor-widget elementor-widget-text-editor\" data-id=\"754351a\" data-element_type=\"widget\" data-e-type=\"widget\" data-widget_type=\"text-editor.default\">\n\t\t\t\t<div class=\"elementor-widget-container\">\n\t\t\t\t\t\t\t\t\t<p>La veille, faites infuser au r\u00e9frig\u00e9rateur les filaments de safran dans un grand verre d&#8217;eau avec le sucre vanill\u00e9.<\/p><p>Coupez les fruits et placez-les dans un grand saladier, versez le sirop par dessus puis m\u00e9langez d\u00e9licatement pour ne pas abimer les fruits.<\/p><p>R\u00e9servez au frais avant de d\u00e9guster.<\/p>\t\t\t\t\t\t\t\t<\/div>\n\t\t\t\t<\/div>\n\t\t\t\t<div class=\"elementor-element elementor-element-11850c1 elementor-widget elementor-widget-spacer\" data-id=\"11850c1\" data-element_type=\"widget\" data-e-type=\"widget\" data-widget_type=\"spacer.default\">\n\t\t\t\t<div class=\"elementor-widget-container\">\n\t\t\t\t\t\t\t<div class=\"elementor-spacer\">\n\t\t\t<div class=\"elementor-spacer-inner\"><\/div>\n\t\t<\/div>\n\t\t\t\t\t\t<\/div>\n\t\t\t\t<\/div>\n\t\t\t\t<div class=\"elementor-element elementor-element-0cb04e4 elementor-widget elementor-widget-heading\" data-id=\"0cb04e4\" data-element_type=\"widget\" data-e-type=\"widget\" data-widget_type=\"heading.default\">\n\t\t\t\t<div class=\"elementor-widget-container\">\n\t\t\t\t\t<h2 class=\"elementor-heading-title elementor-size-default\">Bonne d\u00e9gustation<\/h2>\t\t\t\t<\/div>\n\t\t\t\t<\/div>\n\t\t\t\t<div class=\"elementor-element elementor-element-bfecbbc elementor-widget-divider--view-line elementor-widget elementor-widget-divider\" data-id=\"bfecbbc\" data-element_type=\"widget\" data-e-type=\"widget\" data-widget_type=\"divider.default\">\n\t\t\t\t<div class=\"elementor-widget-container\">\n\t\t\t\t\t\t\t<div class=\"elementor-divider\">\n\t\t\t<span class=\"elementor-divider-separator\">\n\t\t\t\t\t\t<\/span>\n\t\t<\/div>\n\t\t\t\t\t\t<\/div>\n\t\t\t\t<\/div>\n\t\t\t\t\t<\/div>\n\t\t<\/div>\n\t\t\t\t\t<\/div>\n\t\t<\/section>\n\t\t\t\t<section class=\"elementor-section elementor-top-section elementor-element elementor-element-522af8d elementor-section-stretched elementor-section-boxed elementor-section-height-default elementor-section-height-default\" data-id=\"522af8d\" data-element_type=\"section\" data-e-type=\"section\" data-settings=\"{&quot;stretch_section&quot;:&quot;section-stretched&quot;}\">\n\t\t\t\t\t\t<div class=\"elementor-container elementor-column-gap-default\">\n\t\t\t\t\t<div class=\"elementor-column elementor-col-100 elementor-top-column elementor-element elementor-element-facc41b\" data-id=\"facc41b\" data-element_type=\"column\" data-e-type=\"column\">\n\t\t\t<div class=\"elementor-widget-wrap elementor-element-populated\">\n\t\t\t\t\t\t<div class=\"elementor-element elementor-element-55b5c09 elementor-widget elementor-widget-spacer\" data-id=\"55b5c09\" data-element_type=\"widget\" data-e-type=\"widget\" data-widget_type=\"spacer.default\">\n\t\t\t\t<div class=\"elementor-widget-container\">\n\t\t\t\t\t\t\t<div class=\"elementor-spacer\">\n\t\t\t<div class=\"elementor-spacer-inner\"><\/div>\n\t\t<\/div>\n\t\t\t\t\t\t<\/div>\n\t\t\t\t<\/div>\n\t\t\t\t<div class=\"elementor-element elementor-element-de75160 elementor-position-inline-start elementor-view-default elementor-mobile-position-block-start elementor-widget elementor-widget-icon-box\" data-id=\"de75160\" data-element_type=\"widget\" data-e-type=\"widget\" data-widget_type=\"icon-box.default\">\n\t\t\t\t<div class=\"elementor-widget-container\">\n\t\t\t\t\t\t\t<div class=\"elementor-icon-box-wrapper\">\n\n\t\t\t\t\t\t<div class=\"elementor-icon-box-icon\">\n\t\t\t\t<a href=\"http:\/\/lamaisondaristee.com\/index.php\/safran\/\" class=\"elementor-icon\" tabindex=\"-1\" aria-label=\"PAGE PR\u00e9c\u00e9dente\">\n\t\t\t\t<i aria-hidden=\"true\" class=\"fas fa-reply\"><\/i>\t\t\t\t<\/a>\n\t\t\t<\/div>\n\t\t\t\n\t\t\t\t\t\t<div class=\"elementor-icon-box-content\">\n\n\t\t\t\t\t\t\t\t\t<h3 class=\"elementor-icon-box-title\">\n\t\t\t\t\t\t<a href=\"http:\/\/lamaisondaristee.com\/index.php\/safran\/\" >\n\t\t\t\t\t\t\tPAGE PR\u00e9c\u00e9dente\t\t\t\t\t\t<\/a>\n\t\t\t\t\t<\/h3>\n\t\t\t\t\n\t\t\t\t\n\t\t\t<\/div>\n\t\t\t\n\t\t<\/div>\n\t\t\t\t\t\t<\/div>\n\t\t\t\t<\/div>\n\t\t\t\t<div class=\"elementor-element elementor-element-7ee826b elementor-widget elementor-widget-spacer\" data-id=\"7ee826b\" data-element_type=\"widget\" data-e-type=\"widget\" data-widget_type=\"spacer.default\">\n\t\t\t\t<div class=\"elementor-widget-container\">\n\t\t\t\t\t\t\t<div class=\"elementor-spacer\">\n\t\t\t<div class=\"elementor-spacer-inner\"><\/div>\n\t\t<\/div>\n\t\t\t\t\t\t<\/div>\n\t\t\t\t<\/div>\n\t\t\t\t\t<\/div>\n\t\t<\/div>\n\t\t\t\t\t<\/div>\n\t\t<\/section>\n\t\t\t\t<section class=\"elementor-section elementor-top-section elementor-element elementor-element-84155e7 elementor-section-full_width elementor-section-stretched elementor-section-height-default elementor-section-height-default\" data-id=\"84155e7\" data-element_type=\"section\" data-e-type=\"section\" data-settings=\"{&quot;stretch_section&quot;:&quot;section-stretched&quot;}\">\n\t\t\t\t\t\t<div class=\"elementor-container elementor-column-gap-default\">\n\t\t\t\t\t<div class=\"elementor-column elementor-col-33 elementor-top-column elementor-element elementor-element-1464e10\" data-id=\"1464e10\" data-element_type=\"column\" data-e-type=\"column\">\n\t\t\t<div class=\"elementor-widget-wrap elementor-element-populated\">\n\t\t\t\t\t\t<div class=\"elementor-element elementor-element-9a572e1 elementor-widget-divider--view-line elementor-widget elementor-widget-divider\" data-id=\"9a572e1\" data-element_type=\"widget\" data-e-type=\"widget\" data-widget_type=\"divider.default\">\n\t\t\t\t<div class=\"elementor-widget-container\">\n\t\t\t\t\t\t\t<div class=\"elementor-divider\">\n\t\t\t<span class=\"elementor-divider-separator\">\n\t\t\t\t\t\t<\/span>\n\t\t<\/div>\n\t\t\t\t\t\t<\/div>\n\t\t\t\t<\/div>\n\t\t\t\t\t<\/div>\n\t\t<\/div>\n\t\t\t\t<div class=\"elementor-column elementor-col-33 elementor-top-column elementor-element elementor-element-aff38c4\" data-id=\"aff38c4\" data-element_type=\"column\" data-e-type=\"column\">\n\t\t\t<div class=\"elementor-widget-wrap elementor-element-populated\">\n\t\t\t\t\t\t<div class=\"elementor-element elementor-element-f33ebf8 elementor-widget elementor-widget-image\" data-id=\"f33ebf8\" data-element_type=\"widget\" data-e-type=\"widget\" data-widget_type=\"image.default\">\n\t\t\t\t<div class=\"elementor-widget-container\">\n\t\t\t\t\t\t\t\t\t\t\t\t\t\t\t<img decoding=\"async\" width=\"745\" height=\"742\" src=\"https:\/\/lamaisondaristee.com\/wp-content\/uploads\/2021\/04\/abeille.png\" class=\"attachment-full size-full wp-image-1413\" alt=\"\" srcset=\"https:\/\/lamaisondaristee.com\/wp-content\/uploads\/2021\/04\/abeille.png 745w, https:\/\/lamaisondaristee.com\/wp-content\/uploads\/2021\/04\/abeille-300x300.png 300w, https:\/\/lamaisondaristee.com\/wp-content\/uploads\/2021\/04\/abeille-150x150.png 150w, https:\/\/lamaisondaristee.com\/wp-content\/uploads\/2021\/04\/abeille-600x598.png 600w, https:\/\/lamaisondaristee.com\/wp-content\/uploads\/2021\/04\/abeille-100x100.png 100w\" sizes=\"(max-width: 745px) 100vw, 745px\" \/>\t\t\t\t\t\t\t\t\t\t\t\t\t\t\t<\/div>\n\t\t\t\t<\/div>\n\t\t\t\t\t<\/div>\n\t\t<\/div>\n\t\t\t\t<div class=\"elementor-column elementor-col-33 elementor-top-column elementor-element elementor-element-527eac1\" data-id=\"527eac1\" data-element_type=\"column\" data-e-type=\"column\">\n\t\t\t<div class=\"elementor-widget-wrap elementor-element-populated\">\n\t\t\t\t\t\t<div class=\"elementor-element elementor-element-3a2fa93 elementor-widget-divider--view-line elementor-widget elementor-widget-divider\" data-id=\"3a2fa93\" data-element_type=\"widget\" data-e-type=\"widget\" data-widget_type=\"divider.default\">\n\t\t\t\t<div class=\"elementor-widget-container\">\n\t\t\t\t\t\t\t<div class=\"elementor-divider\">\n\t\t\t<span class=\"elementor-divider-separator\">\n\t\t\t\t\t\t<\/span>\n\t\t<\/div>\n\t\t\t\t\t\t<\/div>\n\t\t\t\t<\/div>\n\t\t\t\t\t<\/div>\n\t\t<\/div>\n\t\t\t\t\t<\/div>\n\t\t<\/section>\n\t\t\t\t<section class=\"elementor-section elementor-top-section elementor-element elementor-element-fd3b7e6 elementor-section-stretched elementor-section-boxed elementor-section-height-default elementor-section-height-default\" data-id=\"fd3b7e6\" data-element_type=\"section\" data-e-type=\"section\" data-settings=\"{&quot;stretch_section&quot;:&quot;section-stretched&quot;}\">\n\t\t\t\t\t\t<div class=\"elementor-container elementor-column-gap-default\">\n\t\t\t\t\t<div class=\"elementor-column elementor-col-100 elementor-top-column elementor-element elementor-element-a85187e\" data-id=\"a85187e\" data-element_type=\"column\" data-e-type=\"column\">\n\t\t\t<div class=\"elementor-widget-wrap elementor-element-populated\">\n\t\t\t\t\t\t<div class=\"elementor-element elementor-element-01ec568 elementor-widget elementor-widget-spacer\" data-id=\"01ec568\" data-element_type=\"widget\" data-e-type=\"widget\" data-widget_type=\"spacer.default\">\n\t\t\t\t<div class=\"elementor-widget-container\">\n\t\t\t\t\t\t\t<div class=\"elementor-spacer\">\n\t\t\t<div class=\"elementor-spacer-inner\"><\/div>\n\t\t<\/div>\n\t\t\t\t\t\t<\/div>\n\t\t\t\t<\/div>\n\t\t\t\t<div class=\"elementor-element elementor-element-94e72b1 elementor-widget elementor-widget-text-editor\" data-id=\"94e72b1\" data-element_type=\"widget\" data-e-type=\"widget\" data-widget_type=\"text-editor.default\">\n\t\t\t\t<div class=\"elementor-widget-container\">\n\t\t\t\t\t\t\t\t\t<p><span data-ccp-props=\"{\">La maison d&#8217;arist\u00e9e<br \/>Les Eaux Bues\u00a0<br \/>03120 P\u00e9RIGNY\u00a0 <\/span><\/p><p><span data-contrast=\"auto\">contact@lamaisondaristee.com<\/span><span data-ccp-props=\"{\">\u00a0<\/span><\/p>\t\t\t\t\t\t\t\t<\/div>\n\t\t\t\t<\/div>\n\t\t\t\t<div class=\"elementor-element elementor-element-7ce53cb elementor-view-default elementor-widget elementor-widget-icon\" data-id=\"7ce53cb\" data-element_type=\"widget\" data-e-type=\"widget\" data-widget_type=\"icon.default\">\n\t\t\t\t<div class=\"elementor-widget-container\">\n\t\t\t\t\t\t\t<div class=\"elementor-icon-wrapper\">\n\t\t\t<a class=\"elementor-icon elementor-animation-grow\" href=\"https:\/\/www.facebook.com\/La-Maison-dArist%C3%A9e-107023804188622\" target=\"_blank\">\n\t\t\t<i aria-hidden=\"true\" class=\"fab fa-facebook\"><\/i>\t\t\t<\/a>\n\t\t<\/div>\n\t\t\t\t\t\t<\/div>\n\t\t\t\t<\/div>\n\t\t\t\t\t<\/div>\n\t\t<\/div>\n\t\t\t\t\t<\/div>\n\t\t<\/section>\n\t\t\t\t<\/div>\n\t\t","protected":false},"excerpt":{"rendered":"<p>salade de fruits au safran Tr\u00e8s facile Pr\u00e9paration : 20 min Sans cuisson Ingr\u00e9dients POUR 4 PERSONNES Fruits de votre choix 10 pistils de safran 1 sachet de sucre vanill\u00e9 RECETTE La veille, faites infuser au r\u00e9frig\u00e9rateur les filaments de safran dans un grand verre d&#8217;eau avec le sucre vanill\u00e9. Coupez les fruits et placez-les&#8230;<\/p>\n","protected":false},"author":1,"featured_media":0,"parent":0,"menu_order":0,"comment_status":"closed","ping_status":"closed","template":"","meta":{"_kad_post_transparent":"","_kad_post_title":"","_kad_post_layout":"","_kad_post_sidebar_id":"","_kad_post_content_style":"","_kad_post_vertical_padding":"","_kad_post_feature":"","_kad_post_feature_position":"","_kad_post_header":false,"_kad_post_footer":false,"footnotes":""},"class_list":["post-230","page","type-page","status-publish","hentry"],"_links":{"self":[{"href":"https:\/\/lamaisondaristee.com\/index.php\/wp-json\/wp\/v2\/pages\/230","targetHints":{"allow":["GET"]}}],"collection":[{"href":"https:\/\/lamaisondaristee.com\/index.php\/wp-json\/wp\/v2\/pages"}],"about":[{"href":"https:\/\/lamaisondaristee.com\/index.php\/wp-json\/wp\/v2\/types\/page"}],"author":[{"embeddable":true,"href":"https:\/\/lamaisondaristee.com\/index.php\/wp-json\/wp\/v2\/users\/1"}],"replies":[{"embeddable":true,"href":"https:\/\/lamaisondaristee.com\/index.php\/wp-json\/wp\/v2\/comments?post=230"}],"version-history":[{"count":57,"href":"https:\/\/lamaisondaristee.com\/index.php\/wp-json\/wp\/v2\/pages\/230\/revisions"}],"predecessor-version":[{"id":1904,"href":"https:\/\/lamaisondaristee.com\/index.php\/wp-json\/wp\/v2\/pages\/230\/revisions\/1904"}],"wp:attachment":[{"href":"https:\/\/lamaisondaristee.com\/index.php\/wp-json\/wp\/v2\/media?parent=230"}],"curies":[{"name":"wp","href":"https:\/\/api.w.org\/{rel}","templated":true}]}}